{"id":828,"date":"2023-05-17T17:32:14","date_gmt":"2023-05-17T16:32:14","guid":{"rendered":"https:\/\/chotanagpurhandloom.org\/?page_id=828"},"modified":"2026-05-11T11:19:09","modified_gmt":"2026-05-11T10:19:09","slug":"artisian","status":"publish","type":"page","link":"https:\/\/chotanagpurhandloom.org\/?page_id=828","title":{"rendered":"Artisian"},"content":{"rendered":"\t\t<div data-elementor-type=\"wp-page\" data-elementor-id=\"828\" class=\"elementor elementor-828\">\n\t\t\t\t\t\t\t<div class=\"elementor-element elementor-element-53dfa92 e-con-boxed e-flex e-con\" data-id=\"53dfa92\" data-element_type=\"container\" data-settings=\"{&quot;content_width&quot;:&quot;boxed&quot;}\">\n\t\t\t\t\t<div class=\"e-con-inner\">\n\t\t\t\t\t<\/div>\n\t\t\t\t<\/div>\n\t\t<div class=\"elementor-element elementor-element-8b4e4f2 e-con-full e-flex e-con\" data-id=\"8b4e4f2\" data-element_type=\"container\" data-settings=\"{&quot;content_width&quot;:&quot;full&quot;}\">\n\t\t\t\t<div class=\"elementor-element elementor-element-f11a7bc elementor-widget__width-initial elementor-widget elementor-widget-image\" data-id=\"f11a7bc\" data-element_type=\"widget\" data-widget_type=\"image.default\">\n\t\t\t\t<div class=\"elementor-widget-container\">\n\t\t\t<style>\/*! elementor - v3.13.2 - 11-05-2023 *\/\n.elementor-widget-image{text-align:center}.elementor-widget-image a{display:inline-block}.elementor-widget-image a img[src$=\".svg\"]{width:48px}.elementor-widget-image img{vertical-align:middle;display:inline-block}<\/style>\t\t\t\t\t\t\t\t\t\t\t\t<img decoding=\"async\" width=\"300\" height=\"300\" src=\"https:\/\/chotanagpurhandloom.org\/wp-content\/uploads\/2023\/07\/cropped-cropped-WhatsApp-Image-2023-07-20-at-16.50.08-1-300x300.jpeg\" class=\"attachment-medium size-medium wp-image-1070\" alt=\"\" loading=\"lazy\" srcset=\"https:\/\/chotanagpurhandloom.org\/wp-content\/uploads\/2023\/07\/cropped-cropped-WhatsApp-Image-2023-07-20-at-16.50.08-1-300x300.jpeg 300w, https:\/\/chotanagpurhandloom.org\/wp-content\/uploads\/2023\/07\/cropped-cropped-WhatsApp-Image-2023-07-20-at-16.50.08-1-150x150.jpeg 150w, https:\/\/chotanagpurhandloom.org\/wp-content\/uploads\/2023\/07\/cropped-cropped-WhatsApp-Image-2023-07-20-at-16.50.08-1.jpeg 512w\" sizes=\"(max-width: 300px) 100vw, 300px\" \/>\t\t\t\t\t\t\t\t\t\t\t\t\t\t\t<\/div>\n\t\t\t\t<\/div>\n\t\t\t\t<\/div>\n\t\t<div class=\"elementor-element elementor-element-a330333 e-con-boxed e-flex e-con\" data-id=\"a330333\" data-element_type=\"container\" data-settings=\"{&quot;content_width&quot;:&quot;boxed&quot;}\">\n\t\t\t\t\t<div class=\"e-con-inner\">\n\t\t\t\t<div class=\"elementor-element elementor-element-02ede6e elementor-widget elementor-widget-text-editor\" data-id=\"02ede6e\" data-element_type=\"widget\" data-widget_type=\"text-editor.default\">\n\t\t\t\t<div class=\"elementor-widget-container\">\n\t\t\t<style>\/*! elementor - v3.13.2 - 11-05-2023 *\/\n.elementor-widget-text-editor.elementor-drop-cap-view-stacked .elementor-drop-cap{background-color:#69727d;color:#fff}.elementor-widget-text-editor.elementor-drop-cap-view-framed .elementor-drop-cap{color:#69727d;border:3px solid;background-color:transparent}.elementor-widget-text-editor:not(.elementor-drop-cap-view-default) .elementor-drop-cap{margin-top:8px}.elementor-widget-text-editor:not(.elementor-drop-cap-view-default) .elementor-drop-cap-letter{width:1em;height:1em}.elementor-widget-text-editor .elementor-drop-cap{float:left;text-align:center;line-height:1;font-size:50px}.elementor-widget-text-editor .elementor-drop-cap-letter{display:inline-block}<\/style>\t\t\t\t<p>\u00a0<\/p><h2 class=\"elementor-heading-title elementor-size-default elementor-inline-editing pen\" style=\"font-size: 30px; font-style: normal; color: #000000; text-align: start;\" data-elementor-setting-key=\"title\" data-pen-placeholder=\"Type Here...\">Chotanagpur Handloom &amp; Khadi Artisans Family<\/h2><div>\u00a0<\/div><p>The prime objective is to provide employment and generate livelihood for maximum number of men and women weavers of the region. The process has been simple yet challenging. They started providing yarns as raw material to the weavers through the affiliated primary societies. They produce various types of quality handloom products and sell them through various marketing mechanism initiated by the The Chotanagpur Handloom &amp; Khadi Weavers&#8217; Co-operative Union Ltd.<\/p>\t\t\t\t\t\t<\/div>\n\t\t\t\t<\/div>\n\t\t\t\t\t<\/div>\n\t\t\t\t<\/div>\n\t\t<div class=\"elementor-element elementor-element-d084bcf e-con-full e-flex e-con\" data-id=\"d084bcf\" data-element_type=\"container\" data-settings=\"{&quot;content_width&quot;:&quot;full&quot;}\">\n\t\t<div class=\"elementor-element elementor-element-e1996e5 e-con-full e-flex e-con\" data-id=\"e1996e5\" data-element_type=\"container\" data-settings=\"{&quot;content_width&quot;:&quot;full&quot;}\">\n\t\t\t\t<div class=\"elementor-element elementor-element-c5728f0 elementor-widget elementor-widget-image\" data-id=\"c5728f0\" data-element_type=\"widget\" data-widget_type=\"image.default\">\n\t\t\t\t<div class=\"elementor-widget-container\">\n\t\t\t\t\t\t\t\t\t\t\t\t\t\t\t<img decoding=\"async\" width=\"812\" height=\"542\" src=\"https:\/\/chotanagpurhandloom.org\/wp-content\/uploads\/2023\/07\/1690535257141-1024x684.jpg\" class=\"attachment-large size-large wp-image-1346\" alt=\"\" loading=\"lazy\" srcset=\"https:\/\/chotanagpurhandloom.org\/wp-content\/uploads\/2023\/07\/1690535257141-1024x684.jpg 1024w, https:\/\/chotanagpurhandloom.org\/wp-content\/uploads\/2023\/07\/1690535257141-300x200.jpg 300w, https:\/\/chotanagpurhandloom.org\/wp-content\/uploads\/2023\/07\/1690535257141-768x513.jpg 768w, https:\/\/chotanagpurhandloom.org\/wp-content\/uploads\/2023\/07\/1690535257141-1536x1025.jpg 1536w, https:\/\/chotanagpurhandloom.org\/wp-content\/uploads\/2023\/07\/1690535257141.jpg 1600w\" sizes=\"(max-width: 812px) 100vw, 812px\" \/>\t\t\t\t\t\t\t\t\t\t\t\t\t\t\t<\/div>\n\t\t\t\t<\/div>\n\t\t\t\t<\/div>\n\t\t<div class=\"elementor-element elementor-element-626e826 e-con-full e-flex e-con\" data-id=\"626e826\" data-element_type=\"container\" data-settings=\"{&quot;content_width&quot;:&quot;full&quot;}\">\n\t\t\t\t<div class=\"elementor-element elementor-element-dff49e5 elementor-widget elementor-widget-image\" data-id=\"dff49e5\" data-element_type=\"widget\" data-widget_type=\"image.default\">\n\t\t\t\t<div class=\"elementor-widget-container\">\n\t\t\t\t\t\t\t\t\t\t\t\t\t\t\t<img decoding=\"async\" width=\"812\" height=\"542\" src=\"https:\/\/chotanagpurhandloom.org\/wp-content\/uploads\/2023\/07\/1690535257089-1024x684.jpg\" class=\"attachment-large size-large wp-image-1345\" alt=\"\" loading=\"lazy\" srcset=\"https:\/\/chotanagpurhandloom.org\/wp-content\/uploads\/2023\/07\/1690535257089-1024x684.jpg 1024w, https:\/\/chotanagpurhandloom.org\/wp-content\/uploads\/2023\/07\/1690535257089-300x200.jpg 300w, https:\/\/chotanagpurhandloom.org\/wp-content\/uploads\/2023\/07\/1690535257089-768x513.jpg 768w, https:\/\/chotanagpurhandloom.org\/wp-content\/uploads\/2023\/07\/1690535257089-1536x1025.jpg 1536w, https:\/\/chotanagpurhandloom.org\/wp-content\/uploads\/2023\/07\/1690535257089.jpg 1600w\" sizes=\"(max-width: 812px) 100vw, 812px\" \/>\t\t\t\t\t\t\t\t\t\t\t\t\t\t\t<\/div>\n\t\t\t\t<\/div>\n\t\t\t\t<\/div>\n\t\t<div class=\"elementor-element elementor-element-21b2669 e-con-full e-flex e-con\" data-id=\"21b2669\" data-element_type=\"container\" data-settings=\"{&quot;content_width&quot;:&quot;full&quot;}\">\n\t\t\t\t<div class=\"elementor-element elementor-element-48d1efb elementor-widget elementor-widget-image\" data-id=\"48d1efb\" data-element_type=\"widget\" data-widget_type=\"image.default\">\n\t\t\t\t<div class=\"elementor-widget-container\">\n\t\t\t\t\t\t\t\t\t\t\t\t\t\t\t<img decoding=\"async\" width=\"812\" height=\"541\" src=\"https:\/\/chotanagpurhandloom.org\/wp-content\/uploads\/2023\/07\/1690535257056-1024x682.jpg\" class=\"attachment-large size-large wp-image-1344\" alt=\"\" loading=\"lazy\" srcset=\"https:\/\/chotanagpurhandloom.org\/wp-content\/uploads\/2023\/07\/1690535257056-1024x682.jpg 1024w, https:\/\/chotanagpurhandloom.org\/wp-content\/uploads\/2023\/07\/1690535257056-300x200.jpg 300w, https:\/\/chotanagpurhandloom.org\/wp-content\/uploads\/2023\/07\/1690535257056-768x512.jpg 768w, https:\/\/chotanagpurhandloom.org\/wp-content\/uploads\/2023\/07\/1690535257056-1536x1023.jpg 1536w, https:\/\/chotanagpurhandloom.org\/wp-content\/uploads\/2023\/07\/1690535257056.jpg 1600w\" sizes=\"(max-width: 812px) 100vw, 812px\" \/>\t\t\t\t\t\t\t\t\t\t\t\t\t\t\t<\/div>\n\t\t\t\t<\/div>\n\t\t\t\t<\/div>\n\t\t<div class=\"elementor-element elementor-element-5eabf30 e-con-full e-flex e-con\" data-id=\"5eabf30\" data-element_type=\"container\" data-settings=\"{&quot;content_width&quot;:&quot;full&quot;}\">\n\t\t\t\t<div class=\"elementor-element elementor-element-2ccfffc elementor-widget elementor-widget-image\" data-id=\"2ccfffc\" data-element_type=\"widget\" data-widget_type=\"image.default\">\n\t\t\t\t<div class=\"elementor-widget-container\">\n\t\t\t\t\t\t\t\t\t\t\t\t\t\t\t<img decoding=\"async\" width=\"812\" height=\"542\" src=\"https:\/\/chotanagpurhandloom.org\/wp-content\/uploads\/2023\/07\/1690535257014-1024x684.jpg\" class=\"attachment-large size-large wp-image-1343\" alt=\"\" loading=\"lazy\" srcset=\"https:\/\/chotanagpurhandloom.org\/wp-content\/uploads\/2023\/07\/1690535257014-1024x684.jpg 1024w, https:\/\/chotanagpurhandloom.org\/wp-content\/uploads\/2023\/07\/1690535257014-300x200.jpg 300w, https:\/\/chotanagpurhandloom.org\/wp-content\/uploads\/2023\/07\/1690535257014-768x513.jpg 768w, https:\/\/chotanagpurhandloom.org\/wp-content\/uploads\/2023\/07\/1690535257014-1536x1025.jpg 1536w, https:\/\/chotanagpurhandloom.org\/wp-content\/uploads\/2023\/07\/1690535257014.jpg 1600w\" sizes=\"(max-width: 812px) 100vw, 812px\" \/>\t\t\t\t\t\t\t\t\t\t\t\t\t\t\t<\/div>\n\t\t\t\t<\/div>\n\t\t\t\t<\/div>\n\t\t\t\t<\/div>\n\t\t\t\t\t\t\t<\/div>\n\t\t","protected":false},"excerpt":{"rendered":"<p>Bien au-del\u00e0 d&#8217;une simple collection de jeux, casinolucky8.fr propose une v\u00e9ritable immersion dans l&#8217;univers du casino moderne. Les offres exclusives sont communiqu\u00e9es par newsletter aux joueurs inscrits r\u00e9guli\u00e8rement. Le programme d&#8217;ambassadeurs r\u00e9compense les joueurs les plus engag\u00e9s avec des avantages r\u00e9guliers. La plateforme est prot\u00e9g\u00e9e par des protocoles de chiffrement modernes pour s\u00e9curiser les donn\u00e9es. [&hellip;]<\/p>\n","protected":false},"author":1,"featured_media":0,"parent":0,"menu_order":0,"comment_status":"closed","ping_status":"closed","template":"page-templates\/pagebuilder.php","meta":[],"_links":{"self":[{"href":"https:\/\/chotanagpurhandloom.org\/index.php?rest_route=\/wp\/v2\/pages\/828"}],"collection":[{"href":"https:\/\/chotanagpurhandloom.org\/index.php?rest_route=\/wp\/v2\/pages"}],"about":[{"href":"https:\/\/chotanagpurhandloom.org\/index.php?rest_route=\/wp\/v2\/types\/page"}],"author":[{"embeddable":true,"href":"https:\/\/chotanagpurhandloom.org\/index.php?rest_route=\/wp\/v2\/users\/1"}],"replies":[{"embeddable":true,"href":"https:\/\/chotanagpurhandloom.org\/index.php?rest_route=%2Fwp%2Fv2%2Fcomments&post=828"}],"version-history":[{"count":44,"href":"https:\/\/chotanagpurhandloom.org\/index.php?rest_route=\/wp\/v2\/pages\/828\/revisions"}],"predecessor-version":[{"id":2453,"href":"https:\/\/chotanagpurhandloom.org\/index.php?rest_route=\/wp\/v2\/pages\/828\/revisions\/2453"}],"wp:attachment":[{"href":"https:\/\/chotanagpurhandloom.org\/index.php?rest_route=%2Fwp%2Fv2%2Fmedia&parent=828"}],"curies":[{"name":"wp","href":"https:\/\/api.w.org\/{rel}","templated":true}]}}